{"id":15,"date":"2025-01-23T10:59:41","date_gmt":"2025-01-23T10:59:41","guid":{"rendered":"https:\/\/misterije.stihomgovorim.com\/?page_id=15"},"modified":"2025-01-24T19:54:17","modified_gmt":"2025-01-24T19:54:17","slug":"naslovna","status":"publish","type":"page","link":"https:\/\/misterije.stihomgovorim.com\/","title":{"rendered":"Rulet srca i druge misterije"},"content":{"rendered":"\n<figure class=\"wp-block-gallery has-nested-images columns-default is-cropped wp-block-gallery-1 is-layout-flex wp-block-gallery-is-layout-flex\"><div class=\"wp-block-image is-style-default\">\n<figure class=\"aligncenter size-large\"><img decoding=\"async\" width=\"1024\" height=\"1024\" data-id=\"30\" src=\"https:\/\/misterije.stihomgovorim.com\/wp-content\/uploads\/2025\/01\/a984d325-a031-49b0-973a-8be2ab251c48-1.jpg\" alt=\"\" class=\"wp-image-30\" srcset=\"https:\/\/misterije.stihomgovorim.com\/wp-content\/uploads\/2025\/01\/a984d325-a031-49b0-973a-8be2ab251c48-1.jpg 1024w, https:\/\/misterije.stihomgovorim.com\/wp-content\/uploads\/2025\/01\/a984d325-a031-49b0-973a-8be2ab251c48-1-300x300.jpg 300w, https:\/\/misterije.stihomgovorim.com\/wp-content\/uploads\/2025\/01\/a984d325-a031-49b0-973a-8be2ab251c48-1-150x150.jpg 150w, https:\/\/misterije.stihomgovorim.com\/wp-content\/uploads\/2025\/01\/a984d325-a031-49b0-973a-8be2ab251c48-1-768x768.jpg 768w, https:\/\/misterije.stihomgovorim.com\/wp-content\/uploads\/2025\/01\/a984d325-a031-49b0-973a-8be2ab251c48-1-200x200.jpg 200w, https:\/\/misterije.stihomgovorim.com\/wp-content\/uploads\/2025\/01\/a984d325-a031-49b0-973a-8be2ab251c48-1-320x320.jpg 320w\" sizes=\"(max-width: 1024px) 100vw, 1024px\" \/><\/figure>\n<\/div><\/figure>\n\n\n\n<p><\/p>\n\n\n\n<p>Dobro do\u0161li na blog <em><strong>Rulet srca i druge misterije<\/strong><\/em>, autora Aleksandra Obradovi\u0107a.<\/p>\n\n\n\n<p>Na blogu \u0107e biti postavljane pri\u010de iz istoimenog serijala, ali i druge pri\u010de iz autorovog opusa.<\/p>\n","protected":false},"excerpt":{"rendered":"<p>Dobro do\u0161li na blog Rulet srca i druge misterije, autora Aleksandra Obradovi\u0107a. Na blogu \u0107e biti postavljane pri\u010de iz istoimenog serijala, ali i druge pri\u010de iz&#46;&#46;&#46;<\/p>\n","protected":false},"author":1,"featured_media":24,"parent":0,"menu_order":0,"comment_status":"closed","ping_status":"closed","template":"","meta":{"footnotes":""},"class_list":["post-15","page","type-page","status-publish","has-post-thumbnail","hentry"],"_links":{"self":[{"href":"https:\/\/misterije.stihomgovorim.com\/index.php\/wp-json\/wp\/v2\/pages\/15","targetHints":{"allow":["GET"]}}],"collection":[{"href":"https:\/\/misterije.stihomgovorim.com\/index.php\/wp-json\/wp\/v2\/pages"}],"about":[{"href":"https:\/\/misterije.stihomgovorim.com\/index.php\/wp-json\/wp\/v2\/types\/page"}],"author":[{"embeddable":true,"href":"https:\/\/misterije.stihomgovorim.com\/index.php\/wp-json\/wp\/v2\/users\/1"}],"replies":[{"embeddable":true,"href":"https:\/\/misterije.stihomgovorim.com\/index.php\/wp-json\/wp\/v2\/comments?post=15"}],"version-history":[{"count":6,"href":"https:\/\/misterije.stihomgovorim.com\/index.php\/wp-json\/wp\/v2\/pages\/15\/revisions"}],"predecessor-version":[{"id":164,"href":"https:\/\/misterije.stihomgovorim.com\/index.php\/wp-json\/wp\/v2\/pages\/15\/revisions\/164"}],"wp:featuredmedia":[{"embeddable":true,"href":"https:\/\/misterije.stihomgovorim.com\/index.php\/wp-json\/wp\/v2\/media\/24"}],"wp:attachment":[{"href":"https:\/\/misterije.stihomgovorim.com\/index.php\/wp-json\/wp\/v2\/media?parent=15"}],"curies":[{"name":"wp","href":"https:\/\/api.w.org\/{rel}","templated":true}]}}