{"id":3,"date":"2025-01-23T10:42:51","date_gmt":"2025-01-23T10:42:51","guid":{"rendered":"http:\/\/misterije.stihomgovorim.com\/?page_id=3"},"modified":"2025-01-24T15:35:03","modified_gmt":"2025-01-24T15:35:03","slug":"o-autoru","status":"publish","type":"page","link":"https:\/\/misterije.stihomgovorim.com\/index.php\/o-autoru\/","title":{"rendered":"O autoru"},"content":{"rendered":"\n<h2 class=\"wp-block-heading\">Aleksandar Obradovi\u0107, ro\u0111en 22.11.1986. godine. <\/h2>\n\n\n\n<p>Diplomirao na Medicinskom fakultetu u Podgorici, odsjek Medicina. Kao Specijalista epidemiologije radi u Institutu za javno zdravlje Crne Gore. Doktorand je epidemiologije na Medicinskom fakultetu Univerziteta u Beogradu.<\/p>\n\n\n\n<p>Objavio knjige pri\u010da: Snojava (najbolji rukopis prve knjige autora iz dijaspore mla\u0111ih od 30 godina na konkursu u organizaciji Banatskog kulturnog centra i Op\u0161tine Kikinda), Lim pri\u010da, \u010dovjek zaboravlja (zajedni\u010dka knjiga pri\u010da sa Slobodanom Zoranom Obradovi\u0107em) i Zapisi iz hodnika vremena (JU Ratkovi\u0107eve ve\u010deri poezije), knjigu bajki Ba\u0161 Pamuk i druge bajke (I izdanje objavljeno od strane JU Ratkovi\u0107eve ve\u010deri poezije i II izdanje objavljeno od strane NVO Stihom govorim), mozaik-roman Karta u jednom smjeru (Narodna knjiga, Podgorica i Miba books, Beograd), zbirku krimi pri\u010da Rulet srca i druge misterije (Lokalni javni emiter Radio Bijelo Polje i NVO Stihom govorim), detektivski roman za djecu Zov vode (Laguna) i roman za djecu Ne umiru leptiri (NVO Stihom govorim).<\/p>\n\n\n\n<p>Vi\u0161estruko nagra\u0111ivan na me\u0111unarodnim festivalima kratkih pri\u010da. Pri\u010de su mu objavljivane u zbornicima, antologijama i \u010dasopisima, kao i na raznim internet portalima.<\/p>\n\n\n\n<p>Autor bloga Rulet srca i druge misterije na kom se nalaze krimi pri\u010de o avanturama izmi\u0161ljenog forenzi\u010dkog psihijatra. Prvi ciklus ovog serijala objavljivan je u nastavcima u dnevnim novinama Blic, izdanje za Crnu Goru.<\/p>\n","protected":false},"excerpt":{"rendered":"<p>Aleksandar Obradovi\u0107, ro\u0111en 22.11.1986. godine. Diplomirao na Medicinskom fakultetu u Podgorici, odsjek Medicina. Kao Specijalista epidemiologije radi u Institutu za javno zdravlje Crne Gore. Doktorand je&#46;&#46;&#46;<\/p>\n","protected":false},"author":1,"featured_media":0,"parent":0,"menu_order":0,"comment_status":"closed","ping_status":"open","template":"","meta":{"footnotes":""},"class_list":["post-3","page","type-page","status-publish","hentry"],"_links":{"self":[{"href":"https:\/\/misterije.stihomgovorim.com\/index.php\/wp-json\/wp\/v2\/pages\/3","targetHints":{"allow":["GET"]}}],"collection":[{"href":"https:\/\/misterije.stihomgovorim.com\/index.php\/wp-json\/wp\/v2\/pages"}],"about":[{"href":"https:\/\/misterije.stihomgovorim.com\/index.php\/wp-json\/wp\/v2\/types\/page"}],"author":[{"embeddable":true,"href":"https:\/\/misterije.stihomgovorim.com\/index.php\/wp-json\/wp\/v2\/users\/1"}],"replies":[{"embeddable":true,"href":"https:\/\/misterije.stihomgovorim.com\/index.php\/wp-json\/wp\/v2\/comments?post=3"}],"version-history":[{"count":2,"href":"https:\/\/misterije.stihomgovorim.com\/index.php\/wp-json\/wp\/v2\/pages\/3\/revisions"}],"predecessor-version":[{"id":46,"href":"https:\/\/misterije.stihomgovorim.com\/index.php\/wp-json\/wp\/v2\/pages\/3\/revisions\/46"}],"wp:attachment":[{"href":"https:\/\/misterije.stihomgovorim.com\/index.php\/wp-json\/wp\/v2\/media?parent=3"}],"curies":[{"name":"wp","href":"https:\/\/api.w.org\/{rel}","templated":true}]}}